{"id":68,"date":"2019-03-31T13:27:02","date_gmt":"2019-03-31T11:27:02","guid":{"rendered":"http:\/\/llautmaricel.com\/?page_id=68"},"modified":"2020-05-18T21:14:44","modified_gmt":"2020-05-18T19:14:44","slug":"home","status":"publish","type":"page","link":"https:\/\/daychartermallorca.es\/de\/","title":{"rendered":"Home"},"content":{"rendered":"<div id=\"themify_builder_content-68\" data-postid=\"68\" class=\"themify_builder_content themify_builder_content-68 themify_builder\">\n    \t<!-- module_row -->\n\t<div   class=\"themify_builder_row module_row clearfix fullcover fullwidth_row_container module_row_0 themify_builder_68_row module_row_68-0 tb_93eeb7a hide-mobile\">\n\t    <div class=\"builder_row_cover\"><\/div>\t    <div class=\"row_inner col_align_top\" >\n\t\t\t<div  class=\"module_column tb-column col-full first tb_68_column module_column_0 module_column_68-0-0 tb_f5daadf repeat\" >\n\t    \t    \t        <div class=\"tb-column-inner\">\n\t\t    <!-- module text -->\n<div  class=\"module module-text tb_6691ec0  repeat  wow fadeIn animation_effect_delay_0.5\">\n            <div  class=\"tb_text_wrap\">\n    <h2 style=\"text-align: center;\">Entdecken Sie die Bucht von Palma<\/h2>    <\/div>\n<\/div>\n<!-- \/module text -->\n\t        <\/div>\n\t    \t<\/div>\n\t\t    <\/div>\n\t    <!-- \/row_inner -->\n\t<\/div>\n\t<!-- \/module_row -->\n\t\t<!-- module_row -->\n\t<div   class=\"themify_builder_row module_row clearfix fullcover fullwidth_row_container module_row_1 themify_builder_68_row module_row_68-1 tb_iizj429 hide-desktop hide-tablet hide-tablet_landscape\">\n\t    <div class=\"builder_row_cover\"><\/div>\t    <div class=\"row_inner col_align_top\" >\n\t\t\t<div  class=\"module_column tb-column col-full first tb_68_column module_column_0 module_column_68-1-0 tb_mfua432 repeat\" >\n\t    \t    \t<\/div>\n\t\t    <\/div>\n\t    <!-- \/row_inner -->\n\t<\/div>\n\t<!-- \/module_row -->\n\t\t<!-- module_row -->\n\t<div   class=\"themify_builder_row module_row clearfix repeat module_row_2 themify_builder_68_row module_row_68-2 tb_e3f4bef hide-mobile\">\n\t    \t    <div class=\"row_inner col_align_top\" >\n\t\t\t<div  class=\"module_column tb-column col-full first tb_68_column module_column_0 module_column_68-2-0 tb_9105a39\">\n\t    \t    \t        <div class=\"tb-column-inner\">\n\t\t    <!-- module text -->\n<div  class=\"module module-text tb_p030446\">\n            <div  class=\"tb_text_wrap\">\n    <h2 style=\"text-align: center;\"><strong>Was wir anbieten<\/strong><\/h2>    <\/div>\n<\/div>\n<!-- \/module text -->\n\t        <\/div>\n\t    \t<\/div>\n\t\t    <\/div>\n\t    <!-- \/row_inner -->\n\t<\/div>\n\t<!-- \/module_row -->\n\t\t<!-- module_row -->\n\t<div   class=\"themify_builder_row module_row clearfix repeat module_row_3 themify_builder_68_row module_row_68-3 tb_jynd124 hide-desktop hide-tablet hide-tablet_landscape\">\n\t    \t    <div class=\"row_inner col_align_top\" >\n\t\t\t<div  class=\"module_column tb-column col-full first tb_68_column module_column_0 module_column_68-3-0 tb_vaq7127\">\n\t    \t    \t        <div class=\"tb-column-inner\">\n\t\t    <!-- module text -->\n<div  class=\"module module-text tb_70ea127  repeat\">\n            <div  class=\"tb_text_wrap\">\n    <h2 style=\"text-align: center;\"><strong>Was wir anbieten<\/strong><\/h2>    <\/div>\n<\/div>\n<!-- \/module text -->\n\t        <\/div>\n\t    \t<\/div>\n\t\t    <\/div>\n\t    <!-- \/row_inner -->\n\t<\/div>\n\t<!-- \/module_row -->\n\t\t<!-- module_row -->\n\t<div   class=\"themify_builder_row module_row clearfix module_row_4 themify_builder_68_row module_row_68-4 tb_52sr526\">\n\t    \t    <div class=\"row_inner col_align_top\" >\n\t\t\t<div  class=\"module_column tb-column col3-1 first tb_68_column module_column_0 module_column_68-4-0 tb_07l5527\">\n\t    \t    \t        <div class=\"tb-column-inner\">\n\t\t        <!-- module image -->\n    <div  class=\"module module-image tb_2b80765 rounded drop-shadow bordered image-center   hover-wow hover-animation-pulse wow zoomIn animation_effect_delay_0.3\">\n\t                <div class=\"image-wrap\">\n                            <img loading=\"lazy\" decoding=\"async\" width=\"1258\" height=\"840\" src=\"https:\/\/daychartermallorca.es\/wp-content\/uploads\/2020\/05\/Comida_daychartermallorca.jpg\" class=\"wp-post-image wp-image-1140\" alt=\"Comida daychartermallorca\" srcset=\"https:\/\/daychartermallorca.es\/wp-content\/uploads\/2020\/05\/Comida_daychartermallorca.jpg 1258w, https:\/\/daychartermallorca.es\/wp-content\/uploads\/2020\/05\/Comida_daychartermallorca-1024x684-300x200.jpg 300w, https:\/\/daychartermallorca.es\/wp-content\/uploads\/2020\/05\/Comida_daychartermallorca-1024x684.jpg 1024w, https:\/\/daychartermallorca.es\/wp-content\/uploads\/2020\/05\/Comida_daychartermallorca-768x513.jpg 768w\" sizes=\"auto, (max-width: 1258px) 100vw, 1258px\" \/>            \n                        <\/div>\n            <!-- \/image-wrap -->\n        \n        \n        <\/div>\n    <!-- \/module image -->\n<!-- module text -->\n<div  class=\"module module-text tb_1ae34d4  repeat\">\n            <div  class=\"tb_text_wrap\">\n    <h3 style=\"text-align: left;\">Einzigartige und unterschiedliche Ausfl\u00fcge<\/h3>\n<hr \/>\n<p>Tagescharter in Can Pastilla (Mallorca) f\u00fcr Halbtages- oder Ganztagesausfl\u00fcge an Bord eines authentischen klassischen Mittelmeerboots mit einem professionellen Skipper in der Bucht von Palma f\u00fcr kleine Gruppen von bis zu zehn Personen. Es ist perfekt f\u00fcr Familien, in denen Kinder die Protagonisten eines unvergesslichen Erlebnisses in einer angenehmen und vertrauten Umgebung sein werden.<\/p>    <\/div>\n<\/div>\n<!-- \/module text -->\n\t        <\/div>\n\t    \t<\/div>\n\t\t<div  class=\"module_column tb-column col3-1 middle tb_68_column module_column_1 module_column_68-4-1 tb_sjwx527\">\n\t    \t    \t        <div class=\"tb-column-inner\">\n\t\t        <!-- module image -->\n    <div  class=\"module module-image tb_ci2g001 rounded drop-shadow bordered image-center   hover-wow hover-animation-pulse wow zoomIn animation_effect_delay_0.3\">\n\t                <div class=\"image-wrap\">\n                            <img loading=\"lazy\" decoding=\"async\" width=\"1262\" height=\"837\" src=\"https:\/\/daychartermallorca.es\/wp-content\/uploads\/2020\/05\/llaut_daychartermallorca.jpg\" class=\"wp-post-image wp-image-1142\" alt=\"Llaut daychartermallorca\" srcset=\"https:\/\/daychartermallorca.es\/wp-content\/uploads\/2020\/05\/llaut_daychartermallorca.jpg 1262w, https:\/\/daychartermallorca.es\/wp-content\/uploads\/2020\/05\/llaut_daychartermallorca-1024x679-300x200.jpg 300w, https:\/\/daychartermallorca.es\/wp-content\/uploads\/2020\/05\/llaut_daychartermallorca-1024x679.jpg 1024w, https:\/\/daychartermallorca.es\/wp-content\/uploads\/2020\/05\/llaut_daychartermallorca-768x509.jpg 768w\" sizes=\"auto, (max-width: 1262px) 100vw, 1262px\" \/>            \n                        <\/div>\n            <!-- \/image-wrap -->\n        \n        \n        <\/div>\n    <!-- \/module image -->\n<!-- module text -->\n<div  class=\"module module-text tb_20y8742  repeat\">\n            <div  class=\"tb_text_wrap\">\n    <h3 style=\"text-align: left;\">Ein au\u00dfergew\u00f6hnliches Schiff<\/h3>\n<hr \/>\n<p>El lla\u00fct es el barco del Mediterr\u00e1neo por excelencia. Es una obra de arte, la culminaci\u00f3n de centenares de a\u00f1os de tradici\u00f3n. El Mar i Cel es un lla\u00fct construido artesanalmente en madera aut\u00f3ctona por uno de los mejores carpinteros de Ribera de Mallorca (en Mallorqu\u00edn, \u00abMestre d&#8217;aixa\u00bb).<\/p>    <\/div>\n<\/div>\n<!-- \/module text -->\n\t        <\/div>\n\t    \t<\/div>\n\t\t<div  class=\"module_column tb-column col3-1 last tb_68_column module_column_2 module_column_68-4-2 tb_gw8x527\">\n\t    \t    \t        <div class=\"tb-column-inner\">\n\t\t        <!-- module image -->\n    <div  class=\"module module-image tb_k7g0096 rounded drop-shadow bordered image-center   hover-wow hover-animation-pulse wow zoomIn animation_effect_delay_0.3\">\n\t                <div class=\"image-wrap\">\n                            <img loading=\"lazy\" decoding=\"async\" width=\"1259\" height=\"834\" src=\"https:\/\/daychartermallorca.es\/wp-content\/uploads\/2020\/05\/miguel-taberner.jpg\" class=\"wp-post-image wp-image-1143\" alt=\"Miguel Taberner daychartermallorca\" srcset=\"https:\/\/daychartermallorca.es\/wp-content\/uploads\/2020\/05\/miguel-taberner.jpg 1259w, https:\/\/daychartermallorca.es\/wp-content\/uploads\/2020\/05\/miguel-taberner-1024x678-300x200.jpg 300w, https:\/\/daychartermallorca.es\/wp-content\/uploads\/2020\/05\/miguel-taberner-1024x678.jpg 1024w, https:\/\/daychartermallorca.es\/wp-content\/uploads\/2020\/05\/miguel-taberner-768x509.jpg 768w\" sizes=\"auto, (max-width: 1259px) 100vw, 1259px\" \/>            \n                        <\/div>\n            <!-- \/image-wrap -->\n        \n        \n        <\/div>\n    <!-- \/module image -->\n<!-- module text -->\n<div  class=\"module module-text tb_h5fg010  repeat\">\n            <div  class=\"tb_text_wrap\">\n    <h3 style=\"text-align: left;\">Erfahrung und Professionalit\u00e4t<\/h3>\n<hr \/>\n<p>Kapit\u00e4n Miguel Taberner, geboren auf Mallorca, hat einen profezionellen Handelsschifffahrtstitel technischer Telekommunikationsingenieur. Leidenschaft f\u00fcr das Meer und gro\u00dfer Kenner der Geschichte und Kuriosit\u00e4ten, die die Bucht von Palma umgeben.<\/p>    <\/div>\n<\/div>\n<!-- \/module text -->\n\t        <\/div>\n\t    \t<\/div>\n\t\t    <\/div>\n\t    <!-- \/row_inner -->\n\t<\/div>\n\t<!-- \/module_row -->\n\t\t<!-- module_row -->\n\t<div   class=\"themify_builder_row module_row clearfix builder-parallax-scrolling module_row_5 themify_builder_68_row module_row_68-5 tb_bd7cd91\">\n\t    <div class=\"builder_row_cover\"><\/div>\t    <div class=\"row_inner col_align_top\" >\n\t\t\t<div  class=\"module_column tb-column col-full first tb_68_column module_column_0 module_column_68-5-0 tb_0a3cd58\">\n\t    \t    \t        <div class=\"tb-column-inner\">\n\t\t    \n    <!-- module video -->\n    <div  class=\"module module-video tb_a628fc0 video-top\">\n\t                <div class=\"video-wrap\">\n\t    <iframe loading=\"lazy\" title=\"daychartermallorca video\" width=\"1165\" height=\"655\" src=\"https:\/\/www.youtube.com\/embed\/Rc2aN0L6Mvw?feature=oembed?\"  allow=\"accelerometer; autoplay; clipboard-write; encrypted-media; gyroscope; picture-in-picture; web-share\" referrerpolicy=\"strict-origin-when-cross-origin\" allowfullscreen><\/iframe>        <\/div>\n        <!-- \/video-wrap -->\n\n            <\/div>\n    <!-- \/module video -->\n    <!-- module text -->\n<div  class=\"module module-text tb_391d1fa  repeat\">\n            <div  class=\"tb_text_wrap\">\n        <\/div>\n<\/div>\n<!-- \/module text -->\n\t        <\/div>\n\t    \t<\/div>\n\t\t    <\/div>\n\t    <!-- \/row_inner -->\n\t<\/div>\n\t<!-- \/module_row -->\n\t<\/div>","protected":false},"excerpt":{"rendered":"<p>Descubre la Bah\u00eda de Palma Qu\u00e9 ofrecemos Qu\u00e9 ofrecemos Excursiones \u00fanicas y diferentes Day charter en Can Pastilla (Mallorca), para excursiones de medio d\u00eda o de d\u00eda entero a bordo de un aut\u00e9ntico barco cl\u00e1sico mediterr\u00e1neo, con un patr\u00f3n profesional en la Bah\u00eda de Palma para grupos peque\u00f1os de hasta diez personas. Es perfecto para [&hellip;]<\/p>","protected":false},"author":1,"featured_media":0,"parent":0,"menu_order":0,"comment_status":"closed","ping_status":"closed","template":"","meta":{"footnotes":""},"class_list":["post-68","page","type-page","status-publish","hentry","has-post-title","has-post-date","has-post-category","has-post-tag","has-post-comment","has-post-author",""],"yoast_head":"<!-- This site is optimized with the Yoast SEO plugin v24.7 - https:\/\/yoast.com\/wordpress\/plugins\/seo\/ -->\n<title>Home - daychartermallorca.es<\/title>\n<meta name=\"robots\" content=\"index, follow, max-snippet:-1, max-image-preview:large, max-video-preview:-1\" \/>\n<link rel=\"canonical\" href=\"https:\/\/daychartermallorca.es\/de\/\" \/>\n<meta property=\"og:locale\" content=\"de_DE\" \/>\n<meta property=\"og:type\" content=\"article\" \/>\n<meta property=\"og:title\" content=\"Home - daychartermallorca.es\" \/>\n<meta property=\"og:description\" content=\"Descubre la Bah\u00eda de Palma Qu\u00e9 ofrecemos Qu\u00e9 ofrecemos Excursiones \u00fanicas y diferentes Day charter en Can Pastilla (Mallorca), para excursiones de medio d\u00eda o de d\u00eda entero a bordo de un aut\u00e9ntico barco cl\u00e1sico mediterr\u00e1neo, con un patr\u00f3n profesional en la Bah\u00eda de Palma para grupos peque\u00f1os de hasta diez personas. Es perfecto para [&hellip;]\" \/>\n<meta property=\"og:url\" content=\"https:\/\/daychartermallorca.es\/de\/\" \/>\n<meta property=\"og:site_name\" content=\"daychartermallorca.es\" \/>\n<meta property=\"article:publisher\" content=\"http:\/\/facebook.com\/llautmaricel\" \/>\n<meta property=\"article:modified_time\" content=\"2020-05-18T19:14:44+00:00\" \/>\n<meta property=\"og:image\" content=\"https:\/\/daychartermallorca.es\/wp-content\/uploads\/2020\/05\/Comida_daychartermallorca.jpg\" \/>\n<meta name=\"twitter:card\" content=\"summary_large_image\" \/>\n<meta name=\"twitter:label1\" content=\"Gesch\u00e4tzte Lesezeit\" \/>\n\t<meta name=\"twitter:data1\" content=\"1\u00a0Minute\" \/>\n<script type=\"application\/ld+json\" class=\"yoast-schema-graph\">{\"@context\":\"https:\/\/schema.org\",\"@graph\":[{\"@type\":\"WebPage\",\"@id\":\"https:\/\/daychartermallorca.es\/es\/\",\"url\":\"https:\/\/daychartermallorca.es\/es\/\",\"name\":\"Home - daychartermallorca.es\",\"isPartOf\":{\"@id\":\"https:\/\/daychartermallorca.es\/es\/#website\"},\"primaryImageOfPage\":{\"@id\":\"https:\/\/daychartermallorca.es\/es\/#primaryimage\"},\"image\":{\"@id\":\"https:\/\/daychartermallorca.es\/es\/#primaryimage\"},\"thumbnailUrl\":\"https:\/\/daychartermallorca.es\/wp-content\/uploads\/2020\/05\/Comida_daychartermallorca.jpg\",\"datePublished\":\"2019-03-31T11:27:02+00:00\",\"dateModified\":\"2020-05-18T19:14:44+00:00\",\"breadcrumb\":{\"@id\":\"https:\/\/daychartermallorca.es\/es\/#breadcrumb\"},\"inLanguage\":\"de\",\"potentialAction\":[{\"@type\":\"ReadAction\",\"target\":[\"https:\/\/daychartermallorca.es\/es\/\"]}]},{\"@type\":\"ImageObject\",\"inLanguage\":\"de\",\"@id\":\"https:\/\/daychartermallorca.es\/es\/#primaryimage\",\"url\":\"https:\/\/daychartermallorca.es\/wp-content\/uploads\/2020\/05\/Comida_daychartermallorca.jpg\",\"contentUrl\":\"https:\/\/daychartermallorca.es\/wp-content\/uploads\/2020\/05\/Comida_daychartermallorca.jpg\"},{\"@type\":\"BreadcrumbList\",\"@id\":\"https:\/\/daychartermallorca.es\/es\/#breadcrumb\",\"itemListElement\":[{\"@type\":\"ListItem\",\"position\":1,\"name\":\"Portada\",\"item\":\"https:\/\/daychartermallorca.es\/es\/\"},{\"@type\":\"ListItem\",\"position\":2,\"name\":\"Home\"}]},{\"@type\":\"WebSite\",\"@id\":\"https:\/\/daychartermallorca.es\/es\/#website\",\"url\":\"https:\/\/daychartermallorca.es\/es\/\",\"name\":\"daychartermallorca.es\",\"description\":\"Excursiones en barco por la Bah\u00eda de Palma\",\"publisher\":{\"@id\":\"https:\/\/daychartermallorca.es\/es\/#organization\"},\"potentialAction\":[{\"@type\":\"SearchAction\",\"target\":{\"@type\":\"EntryPoint\",\"urlTemplate\":\"https:\/\/daychartermallorca.es\/es\/?s={search_term_string}\"},\"query-input\":{\"@type\":\"PropertyValueSpecification\",\"valueRequired\":true,\"valueName\":\"search_term_string\"}}],\"inLanguage\":\"de\"},{\"@type\":\"Organization\",\"@id\":\"https:\/\/daychartermallorca.es\/es\/#organization\",\"name\":\"daychartermallorca.es\",\"url\":\"https:\/\/daychartermallorca.es\/es\/\",\"logo\":{\"@type\":\"ImageObject\",\"inLanguage\":\"de\",\"@id\":\"https:\/\/daychartermallorca.es\/es\/#\/schema\/logo\/image\/\",\"url\":\"\",\"contentUrl\":\"\",\"caption\":\"daychartermallorca.es\"},\"image\":{\"@id\":\"https:\/\/daychartermallorca.es\/es\/#\/schema\/logo\/image\/\"},\"sameAs\":[\"http:\/\/facebook.com\/llautmaricel\",\"https:\/\/www.instagram.com\/llautmaricel\/\"]}]}<\/script>\n<!-- \/ Yoast SEO plugin. -->","yoast_head_json":{"title":"Home - daychartermallorca.es","robots":{"index":"index","follow":"follow","max-snippet":"max-snippet:-1","max-image-preview":"max-image-preview:large","max-video-preview":"max-video-preview:-1"},"canonical":"https:\/\/daychartermallorca.es\/de\/","og_locale":"de_DE","og_type":"article","og_title":"Home - daychartermallorca.es","og_description":"Descubre la Bah\u00eda de Palma Qu\u00e9 ofrecemos Qu\u00e9 ofrecemos Excursiones \u00fanicas y diferentes Day charter en Can Pastilla (Mallorca), para excursiones de medio d\u00eda o de d\u00eda entero a bordo de un aut\u00e9ntico barco cl\u00e1sico mediterr\u00e1neo, con un patr\u00f3n profesional en la Bah\u00eda de Palma para grupos peque\u00f1os de hasta diez personas. Es perfecto para [&hellip;]","og_url":"https:\/\/daychartermallorca.es\/de\/","og_site_name":"daychartermallorca.es","article_publisher":"http:\/\/facebook.com\/llautmaricel","article_modified_time":"2020-05-18T19:14:44+00:00","og_image":[{"url":"https:\/\/daychartermallorca.es\/wp-content\/uploads\/2020\/05\/Comida_daychartermallorca.jpg","type":"","width":"","height":""}],"twitter_card":"summary_large_image","twitter_misc":{"Gesch\u00e4tzte Lesezeit":"1\u00a0Minute"},"schema":{"@context":"https:\/\/schema.org","@graph":[{"@type":"WebPage","@id":"https:\/\/daychartermallorca.es\/es\/","url":"https:\/\/daychartermallorca.es\/es\/","name":"Home - daychartermallorca.es","isPartOf":{"@id":"https:\/\/daychartermallorca.es\/es\/#website"},"primaryImageOfPage":{"@id":"https:\/\/daychartermallorca.es\/es\/#primaryimage"},"image":{"@id":"https:\/\/daychartermallorca.es\/es\/#primaryimage"},"thumbnailUrl":"https:\/\/daychartermallorca.es\/wp-content\/uploads\/2020\/05\/Comida_daychartermallorca.jpg","datePublished":"2019-03-31T11:27:02+00:00","dateModified":"2020-05-18T19:14:44+00:00","breadcrumb":{"@id":"https:\/\/daychartermallorca.es\/es\/#breadcrumb"},"inLanguage":"de","potentialAction":[{"@type":"ReadAction","target":["https:\/\/daychartermallorca.es\/es\/"]}]},{"@type":"ImageObject","inLanguage":"de","@id":"https:\/\/daychartermallorca.es\/es\/#primaryimage","url":"https:\/\/daychartermallorca.es\/wp-content\/uploads\/2020\/05\/Comida_daychartermallorca.jpg","contentUrl":"https:\/\/daychartermallorca.es\/wp-content\/uploads\/2020\/05\/Comida_daychartermallorca.jpg"},{"@type":"BreadcrumbList","@id":"https:\/\/daychartermallorca.es\/es\/#breadcrumb","itemListElement":[{"@type":"ListItem","position":1,"name":"Portada","item":"https:\/\/daychartermallorca.es\/es\/"},{"@type":"ListItem","position":2,"name":"Home"}]},{"@type":"WebSite","@id":"https:\/\/daychartermallorca.es\/es\/#website","url":"https:\/\/daychartermallorca.es\/es\/","name":"daychartermallorca.es","description":"Excursiones en barco por la Bah\u00eda de Palma","publisher":{"@id":"https:\/\/daychartermallorca.es\/es\/#organization"},"potentialAction":[{"@type":"SearchAction","target":{"@type":"EntryPoint","urlTemplate":"https:\/\/daychartermallorca.es\/es\/?s={search_term_string}"},"query-input":{"@type":"PropertyValueSpecification","valueRequired":true,"valueName":"search_term_string"}}],"inLanguage":"de"},{"@type":"Organization","@id":"https:\/\/daychartermallorca.es\/es\/#organization","name":"daychartermallorca.es","url":"https:\/\/daychartermallorca.es\/es\/","logo":{"@type":"ImageObject","inLanguage":"de","@id":"https:\/\/daychartermallorca.es\/es\/#\/schema\/logo\/image\/","url":"","contentUrl":"","caption":"daychartermallorca.es"},"image":{"@id":"https:\/\/daychartermallorca.es\/es\/#\/schema\/logo\/image\/"},"sameAs":["http:\/\/facebook.com\/llautmaricel","https:\/\/www.instagram.com\/llautmaricel\/"]}]}},"builder_content":"<h2 style=\"text-align: center;\">Descubre la Bah\u00eda de Palma<\/h2>\n<h2 style=\"text-align: center;\"><strong>Qu\u00e9 ofrecemos<\/strong><\/h2>\n<h2 style=\"text-align: center;\"><strong>Qu\u00e9 ofrecemos<\/strong><\/h2>\n<img loading=\"lazy\" decoding=\"async\" width=\"1258\" height=\"840\" src=\"https:\/\/daychartermallorca.es\/wp-content\/uploads\/2020\/05\/Comida_daychartermallorca.jpg\" alt=\"Comida daychartermallorca\" srcset=\"https:\/\/daychartermallorca.es\/wp-content\/uploads\/2020\/05\/Comida_daychartermallorca.jpg 1258w, https:\/\/daychartermallorca.es\/wp-content\/uploads\/2020\/05\/Comida_daychartermallorca-1024x684-300x200.jpg 300w, https:\/\/daychartermallorca.es\/wp-content\/uploads\/2020\/05\/Comida_daychartermallorca-1024x684.jpg 1024w, https:\/\/daychartermallorca.es\/wp-content\/uploads\/2020\/05\/Comida_daychartermallorca-768x513.jpg 768w\" sizes=\"auto, (max-width: 1258px) 100vw, 1258px\" \/>\n<h3 style=\"text-align: left;\">Excursiones \u00fanicas y diferentes<\/h3> <hr \/> <p>Day charter en Can Pastilla (Mallorca), para excursiones de medio d\u00eda o de d\u00eda entero a bordo de un aut\u00e9ntico barco cl\u00e1sico mediterr\u00e1neo, con un patr\u00f3n profesional en la Bah\u00eda de Palma para grupos peque\u00f1os de hasta diez personas. Es perfecto para familias, donde los ni\u00f1os ser\u00e1n los protagonistas de una experiencia inolvidable, en un ambiente agradable y familiar.<\/p>\n<img loading=\"lazy\" decoding=\"async\" width=\"1262\" height=\"837\" src=\"https:\/\/daychartermallorca.es\/wp-content\/uploads\/2020\/05\/llaut_daychartermallorca.jpg\" alt=\"Llaut daychartermallorca\" srcset=\"https:\/\/daychartermallorca.es\/wp-content\/uploads\/2020\/05\/llaut_daychartermallorca.jpg 1262w, https:\/\/daychartermallorca.es\/wp-content\/uploads\/2020\/05\/llaut_daychartermallorca-1024x679-300x200.jpg 300w, https:\/\/daychartermallorca.es\/wp-content\/uploads\/2020\/05\/llaut_daychartermallorca-1024x679.jpg 1024w, https:\/\/daychartermallorca.es\/wp-content\/uploads\/2020\/05\/llaut_daychartermallorca-768x509.jpg 768w\" sizes=\"auto, (max-width: 1262px) 100vw, 1262px\" \/>\n<h3 style=\"text-align: left;\">Un barco excepcional<\/h3> <hr \/> <p>El lla\u00fct es el barco del Mediterr\u00e1neo por excelencia. Es una obra de arte, la culminaci\u00f3n de centenares de a\u00f1os de tradici\u00f3n. El Mar i Cel es un lla\u00fct construido artesanalmente en madera aut\u00f3ctona por uno de los mejores carpinteros de Ribera de Mallorca (en Mallorqu\u00edn, \"Mestre d'aixa\").<\/p>\n<img loading=\"lazy\" decoding=\"async\" width=\"1259\" height=\"834\" src=\"https:\/\/daychartermallorca.es\/wp-content\/uploads\/2020\/05\/miguel-taberner.jpg\" alt=\"Miguel Taberner daychartermallorca\" srcset=\"https:\/\/daychartermallorca.es\/wp-content\/uploads\/2020\/05\/miguel-taberner.jpg 1259w, https:\/\/daychartermallorca.es\/wp-content\/uploads\/2020\/05\/miguel-taberner-1024x678-300x200.jpg 300w, https:\/\/daychartermallorca.es\/wp-content\/uploads\/2020\/05\/miguel-taberner-1024x678.jpg 1024w, https:\/\/daychartermallorca.es\/wp-content\/uploads\/2020\/05\/miguel-taberner-768x509.jpg 768w\" sizes=\"auto, (max-width: 1259px) 100vw, 1259px\" \/>\n<h3 style=\"text-align: left;\">Experiencia y profesionalidad<\/h3> <hr \/> <p>El capit\u00e1n Miguel Taberner, nacido en Mallorca, Patr\u00f3n Profesional e Ingeniero T\u00e9cnico de Telecomunicaciones. Apasionado del mar y gran conocedor de la historia y curiosidades que encierra la Bah\u00eda de Palma.<\/p>\n<iframe title=\"daychartermallorca video\" width=\"1165\" height=\"655\" src=\"https:\/\/www.youtube.com\/embed\/Rc2aN0L6Mvw?feature=oembed?\" allow=\"accelerometer; autoplay; clipboard-write; encrypted-media; gyroscope; picture-in-picture; web-share\" referrerpolicy=\"strict-origin-when-cross-origin\" allowfullscreen><\/iframe>\n","_links":{"self":[{"href":"https:\/\/daychartermallorca.es\/de\/wp-json\/wp\/v2\/pages\/68","targetHints":{"allow":["GET"]}}],"collection":[{"href":"https:\/\/daychartermallorca.es\/de\/wp-json\/wp\/v2\/pages"}],"about":[{"href":"https:\/\/daychartermallorca.es\/de\/wp-json\/wp\/v2\/types\/page"}],"author":[{"embeddable":true,"href":"https:\/\/daychartermallorca.es\/de\/wp-json\/wp\/v2\/users\/1"}],"replies":[{"embeddable":true,"href":"https:\/\/daychartermallorca.es\/de\/wp-json\/wp\/v2\/comments?post=68"}],"version-history":[{"count":527,"href":"https:\/\/daychartermallorca.es\/de\/wp-json\/wp\/v2\/pages\/68\/revisions"}],"predecessor-version":[{"id":1154,"href":"https:\/\/daychartermallorca.es\/de\/wp-json\/wp\/v2\/pages\/68\/revisions\/1154"}],"wp:attachment":[{"href":"https:\/\/daychartermallorca.es\/de\/wp-json\/wp\/v2\/media?parent=68"}],"curies":[{"name":"wp","href":"https:\/\/api.w.org\/{rel}","templated":true}]}}