{"id":617,"date":"2020-05-11T15:39:51","date_gmt":"2020-05-11T13:39:51","guid":{"rendered":"http:\/\/daychartermallorca.es\/contacto-copy-copy\/"},"modified":"2025-03-18T11:13:12","modified_gmt":"2025-03-18T09:13:12","slug":"faq","status":"publish","type":"page","link":"https:\/\/daychartermallorca.es\/ca\/faq\/","title":{"rendered":"FAQ"},"content":{"rendered":"<div id=\"themify_builder_content-617\" data-postid=\"617\" class=\"themify_builder_content themify_builder_content-617 themify_builder\">\n    \t<!-- module_row -->\n\t<div   class=\"themify_builder_row module_row clearfix fullcover module_row_0 themify_builder_617_row module_row_617-0 tb_i63s621 hide-mobile\">\n\t    \t    <div class=\"row_inner col_align_top\" >\n\t\t\t<div  class=\"module_column tb-column col-full first tb_617_column module_column_0 module_column_617-0-0 tb_a4h2622 repeat\" >\n\t    \t    \t<\/div>\n\t\t    <\/div>\n\t    <!-- \/row_inner -->\n\t<\/div>\n\t<!-- \/module_row -->\n\t\t<!-- module_row -->\n\t<div   class=\"themify_builder_row module_row clearfix fullcover module_row_1 themify_builder_617_row module_row_617-1 tb_dhot955 hide-desktop hide-tablet hide-tablet_landscape\">\n\t    \t    <div class=\"row_inner col_align_top\" >\n\t\t\t<div  class=\"module_column tb-column col-full first tb_617_column module_column_0 module_column_617-1-0 tb_ohf1955 repeat\" >\n\t    \t    \t<\/div>\n\t\t    <\/div>\n\t    <!-- \/row_inner -->\n\t<\/div>\n\t<!-- \/module_row -->\n\t\t<!-- module_row -->\n\t<div   class=\"themify_builder_row module_row clearfix module_row_2 themify_builder_617_row module_row_617-2 tb_b08f817\">\n\t    \t    <div class=\"row_inner col_align_top\" >\n\t\t\t<div  class=\"module_column tb-column col-full first tb_617_column module_column_0 module_column_617-2-0 tb_8f364e4\">\n\t    \t    \t        <div class=\"tb-column-inner\">\n\t\t    \t<div  class=\"themify_builder_sub_row module_subrow clearfix sub_row_2-0-0 tb_ozxz211\">\n\t    \t    <div class=\"subrow_inner col_align_top\" >\n\t\t\t<div  class=\"sub_column module_column col-full first sub_column_post_617 sub_column_2-0-0-0 tb_17ed212\"> \n\t    \t    \t        <div class=\"tb-column-inner\">\n\t\t    <!-- module text -->\n<div  class=\"module module-text tb_bs5m360\">\n            <div  class=\"tb_text_wrap\">\n    <h2><strong>FAQ<\/strong><\/h2>    <\/div>\n<\/div>\n<!-- \/module text -->\n\t        <\/div>\n\t    \t<\/div>\n\t\t    <\/div>\n\t<\/div><!-- \/themify_builder_sub_row -->\n\t    <!-- module accordion -->\n    <div  class=\"module module-accordion tb_62b8bb1\" data-behavior=\"toggle\">\n\t        \n        <ul class=\"ui module-accordion plus-icon-button  tb_default_color\">\n                            <li class=\"builder-accordion-active\">\n                    <div class=\"accordion-title\">\n                        <a href=\"#acc-tb_62b8bb1-0\" aria-controls=\"acc-tb_62b8bb1-0\" aria-expanded=\"true\">\n                                                        \t\t\t    <span class=\"tb_title_accordion\">He de pagar per avan\u00e7at?<\/span>\n                        <\/a>\n                    <\/div>\n                    <div id=\"acc-tb_62b8bb1-0\" aria-hidden=\"false\" class=\"accordion-content clearfix\">\n                        \t\t\t    <div  class=\"tb_text_wrap\">\n\t\t\t\t<p>No fa falta pagar res per avan\u00e7at. El pagament al complet es realitza el dia de l\u00b4excursi\u00f3.<\/p>\t\t\t    <\/div>\n                                                \n                    <\/div>\n                <\/li>\n                            <li class=\"builder-accordion-active\">\n                    <div class=\"accordion-title\">\n                        <a href=\"#acc-tb_62b8bb1-1\" aria-controls=\"acc-tb_62b8bb1-1\" aria-expanded=\"true\">\n                                                        \t\t\t    <span class=\"tb_title_accordion\">Com efectuar el pagament de l'excursi\u00f3?<\/span>\n                        <\/a>\n                    <\/div>\n                    <div id=\"acc-tb_62b8bb1-1\" aria-hidden=\"false\" class=\"accordion-content clearfix\">\n                        \t\t\t    <div  class=\"tb_text_wrap\">\n\t\t\t\t<p>Pots pagar per transfer\u00e8ncia bancaria abans de l'excursi\u00f3 o el mateix dia en efectiu o tarjeta al vaixell.<\/p>\t\t\t    <\/div>\n                                                \n                    <\/div>\n                <\/li>\n                            <li class=\"builder-accordion-active\">\n                    <div class=\"accordion-title\">\n                        <a href=\"#acc-tb_62b8bb1-2\" aria-controls=\"acc-tb_62b8bb1-2\" aria-expanded=\"true\">\n                                                        \t\t\t    <span class=\"tb_title_accordion\">I si vull cancelar l'excursi\u00f3?<\/span>\n                        <\/a>\n                    <\/div>\n                    <div id=\"acc-tb_62b8bb1-2\" aria-hidden=\"false\" class=\"accordion-content clearfix\">\n                        \t\t\t    <div  class=\"tb_text_wrap\">\n\t\t\t\t<p>Com que no hi ha pagament per avan\u00e7at no vos cobrarem res per cancelar l'excursi\u00f3. Nom\u00e9s vos demanam que en cas que no pogueu venir ens aviseu al menys amb 48 hores d'antelaci\u00f3.<\/p>\t\t\t    <\/div>\n                                                \n                    <\/div>\n                <\/li>\n                            <li class=\"builder-accordion-active\">\n                    <div class=\"accordion-title\">\n                        <a href=\"#acc-tb_62b8bb1-3\" aria-controls=\"acc-tb_62b8bb1-3\" aria-expanded=\"true\">\n                                                        \t\t\t    <span class=\"tb_title_accordion\">Qu\u00e8 he de dur al vaixell?<\/span>\n                        <\/a>\n                    <\/div>\n                    <div id=\"acc-tb_62b8bb1-3\" aria-hidden=\"false\" class=\"accordion-content clearfix\">\n                        \t\t\t    <div  class=\"tb_text_wrap\">\n\t\t\t\t<p>Nom\u00e9s necessites dur banyador, tovallola i protecci\u00f3 solar.<\/p>\t\t\t    <\/div>\n                                                \n                    <\/div>\n                <\/li>\n                            <li class=\"builder-accordion-active\">\n                    <div class=\"accordion-title\">\n                        <a href=\"#acc-tb_62b8bb1-4\" aria-controls=\"acc-tb_62b8bb1-4\" aria-expanded=\"true\">\n                                                        \t\t\t    <span class=\"tb_title_accordion\">Qu\u00e8 passa si fa mal temps?<\/span>\n                        <\/a>\n                    <\/div>\n                    <div id=\"acc-tb_62b8bb1-4\" aria-hidden=\"false\" class=\"accordion-content clearfix\">\n                        \t\t\t    <div  class=\"tb_text_wrap\">\n\t\t\t\t<p>Si fa mal temps i no es pot navegar, posposarem l'excursi\u00f3 per un altre dia que vos vagi b\u00e9 (subjecte a disponibilitat).<\/p>\t\t\t    <\/div>\n                                                \n                    <\/div>\n                <\/li>\n                            <li class=\"builder-accordion-active\">\n                    <div class=\"accordion-title\">\n                        <a href=\"#acc-tb_62b8bb1-5\" aria-controls=\"acc-tb_62b8bb1-5\" aria-expanded=\"true\">\n                                                        \t\t\t    <span class=\"tb_title_accordion\">Com puc arribar al port de Ca'n Pastilla?<\/span>\n                        <\/a>\n                    <\/div>\n                    <div id=\"acc-tb_62b8bb1-5\" aria-hidden=\"false\" class=\"accordion-content clearfix\">\n                        \t\t\t    <div  class=\"tb_text_wrap\">\n\t\t\t\t<p>El port de Ca'n Pastilla est\u00e0 a pocs minuts de l'aeroport i est\u00e0 molt ben comunicat. Hi ha autob\u00fas de l\u00ednia desde Palma i desde s'Arenal. Tamb\u00e9 podem venir a cercar-vos a qualsevol punt de l'illa en furgoneta de 9 places, minib\u00fas o cotxe (consultar preus).<\/p>\t\t\t    <\/div>\n                                                \n                    <\/div>\n                <\/li>\n                    <\/ul>\n\n    <\/div>\n    <!-- \/module accordion -->\n\t        <\/div>\n\t    \t<\/div>\n\t\t    <\/div>\n\t    <!-- \/row_inner -->\n\t<\/div>\n\t<!-- \/module_row -->\n\t<\/div>","protected":false},"excerpt":{"rendered":"<p>FAQ \u00bfTengo que pagar algo por adelantado? No hace falta pagar nada por adelantado. El pago al completo se realiza el d\u00eda de la excursi\u00f3n. \u00bfC\u00f3mo efectuar el pago de la excursi\u00f3n? Puedes pagar por transferencia bancaria antes de la excursi\u00f3n o el mismo d\u00eda en efectivo o tarjeta en el barco. \u00bfY si quiero [&hellip;]<\/p>","protected":false},"author":1,"featured_media":0,"parent":0,"menu_order":0,"comment_status":"closed","ping_status":"closed","template":"","meta":{"footnotes":""},"class_list":["post-617","page","type-page","status-publish","hentry","has-post-title","has-post-date","has-post-category","has-post-tag","has-post-comment","has-post-author",""],"yoast_head":"<!-- This site is optimized with the Yoast SEO plugin v24.7 - https:\/\/yoast.com\/wordpress\/plugins\/seo\/ -->\n<title>FAQ - daychartermallorca.es<\/title>\n<meta name=\"robots\" content=\"index, follow, max-snippet:-1, max-image-preview:large, max-video-preview:-1\" \/>\n<link rel=\"canonical\" href=\"https:\/\/daychartermallorca.es\/ca\/faq\/\" \/>\n<meta property=\"og:locale\" content=\"ca_ES\" \/>\n<meta property=\"og:type\" content=\"article\" \/>\n<meta property=\"og:title\" content=\"FAQ - daychartermallorca.es\" \/>\n<meta property=\"og:description\" content=\"FAQ \u00bfTengo que pagar algo por adelantado? No hace falta pagar nada por adelantado. El pago al completo se realiza el d\u00eda de la excursi\u00f3n. \u00bfC\u00f3mo efectuar el pago de la excursi\u00f3n? Puedes pagar por transferencia bancaria antes de la excursi\u00f3n o el mismo d\u00eda en efectivo o tarjeta en el barco. \u00bfY si quiero [&hellip;]\" \/>\n<meta property=\"og:url\" content=\"https:\/\/daychartermallorca.es\/ca\/faq\/\" \/>\n<meta property=\"og:site_name\" content=\"daychartermallorca.es\" \/>\n<meta property=\"article:publisher\" content=\"http:\/\/facebook.com\/llautmaricel\" \/>\n<meta property=\"article:modified_time\" content=\"2025-03-18T09:13:12+00:00\" \/>\n<meta name=\"twitter:card\" content=\"summary_large_image\" \/>\n<meta name=\"twitter:label1\" content=\"Temps estimat de lectura\" \/>\n\t<meta name=\"twitter:data1\" content=\"1 minut\" \/>\n<script type=\"application\/ld+json\" class=\"yoast-schema-graph\">{\"@context\":\"https:\/\/schema.org\",\"@graph\":[{\"@type\":\"WebPage\",\"@id\":\"https:\/\/daychartermallorca.es\/faq\/\",\"url\":\"https:\/\/daychartermallorca.es\/faq\/\",\"name\":\"FAQ - daychartermallorca.es\",\"isPartOf\":{\"@id\":\"https:\/\/daychartermallorca.es\/es\/#website\"},\"datePublished\":\"2020-05-11T13:39:51+00:00\",\"dateModified\":\"2025-03-18T09:13:12+00:00\",\"breadcrumb\":{\"@id\":\"https:\/\/daychartermallorca.es\/faq\/#breadcrumb\"},\"inLanguage\":\"ca\",\"potentialAction\":[{\"@type\":\"ReadAction\",\"target\":[\"https:\/\/daychartermallorca.es\/faq\/\"]}]},{\"@type\":\"BreadcrumbList\",\"@id\":\"https:\/\/daychartermallorca.es\/faq\/#breadcrumb\",\"itemListElement\":[{\"@type\":\"ListItem\",\"position\":1,\"name\":\"Portada\",\"item\":\"https:\/\/daychartermallorca.es\/es\/\"},{\"@type\":\"ListItem\",\"position\":2,\"name\":\"FAQ\"}]},{\"@type\":\"WebSite\",\"@id\":\"https:\/\/daychartermallorca.es\/es\/#website\",\"url\":\"https:\/\/daychartermallorca.es\/es\/\",\"name\":\"daychartermallorca.es\",\"description\":\"Excursiones en barco por la Bah\u00eda de Palma\",\"publisher\":{\"@id\":\"https:\/\/daychartermallorca.es\/es\/#organization\"},\"potentialAction\":[{\"@type\":\"SearchAction\",\"target\":{\"@type\":\"EntryPoint\",\"urlTemplate\":\"https:\/\/daychartermallorca.es\/es\/?s={search_term_string}\"},\"query-input\":{\"@type\":\"PropertyValueSpecification\",\"valueRequired\":true,\"valueName\":\"search_term_string\"}}],\"inLanguage\":\"ca\"},{\"@type\":\"Organization\",\"@id\":\"https:\/\/daychartermallorca.es\/es\/#organization\",\"name\":\"daychartermallorca.es\",\"url\":\"https:\/\/daychartermallorca.es\/es\/\",\"logo\":{\"@type\":\"ImageObject\",\"inLanguage\":\"ca\",\"@id\":\"https:\/\/daychartermallorca.es\/es\/#\/schema\/logo\/image\/\",\"url\":\"\",\"contentUrl\":\"\",\"caption\":\"daychartermallorca.es\"},\"image\":{\"@id\":\"https:\/\/daychartermallorca.es\/es\/#\/schema\/logo\/image\/\"},\"sameAs\":[\"http:\/\/facebook.com\/llautmaricel\",\"https:\/\/www.instagram.com\/llautmaricel\/\"]}]}<\/script>\n<!-- \/ Yoast SEO plugin. -->","yoast_head_json":{"title":"FAQ - daychartermallorca.es","robots":{"index":"index","follow":"follow","max-snippet":"max-snippet:-1","max-image-preview":"max-image-preview:large","max-video-preview":"max-video-preview:-1"},"canonical":"https:\/\/daychartermallorca.es\/ca\/faq\/","og_locale":"ca_ES","og_type":"article","og_title":"FAQ - daychartermallorca.es","og_description":"FAQ \u00bfTengo que pagar algo por adelantado? No hace falta pagar nada por adelantado. El pago al completo se realiza el d\u00eda de la excursi\u00f3n. \u00bfC\u00f3mo efectuar el pago de la excursi\u00f3n? Puedes pagar por transferencia bancaria antes de la excursi\u00f3n o el mismo d\u00eda en efectivo o tarjeta en el barco. \u00bfY si quiero [&hellip;]","og_url":"https:\/\/daychartermallorca.es\/ca\/faq\/","og_site_name":"daychartermallorca.es","article_publisher":"http:\/\/facebook.com\/llautmaricel","article_modified_time":"2025-03-18T09:13:12+00:00","twitter_card":"summary_large_image","twitter_misc":{"Temps estimat de lectura":"1 minut"},"schema":{"@context":"https:\/\/schema.org","@graph":[{"@type":"WebPage","@id":"https:\/\/daychartermallorca.es\/faq\/","url":"https:\/\/daychartermallorca.es\/faq\/","name":"FAQ - daychartermallorca.es","isPartOf":{"@id":"https:\/\/daychartermallorca.es\/es\/#website"},"datePublished":"2020-05-11T13:39:51+00:00","dateModified":"2025-03-18T09:13:12+00:00","breadcrumb":{"@id":"https:\/\/daychartermallorca.es\/faq\/#breadcrumb"},"inLanguage":"ca","potentialAction":[{"@type":"ReadAction","target":["https:\/\/daychartermallorca.es\/faq\/"]}]},{"@type":"BreadcrumbList","@id":"https:\/\/daychartermallorca.es\/faq\/#breadcrumb","itemListElement":[{"@type":"ListItem","position":1,"name":"Portada","item":"https:\/\/daychartermallorca.es\/es\/"},{"@type":"ListItem","position":2,"name":"FAQ"}]},{"@type":"WebSite","@id":"https:\/\/daychartermallorca.es\/es\/#website","url":"https:\/\/daychartermallorca.es\/es\/","name":"daychartermallorca.es","description":"Excursiones en barco por la Bah\u00eda de Palma","publisher":{"@id":"https:\/\/daychartermallorca.es\/es\/#organization"},"potentialAction":[{"@type":"SearchAction","target":{"@type":"EntryPoint","urlTemplate":"https:\/\/daychartermallorca.es\/es\/?s={search_term_string}"},"query-input":{"@type":"PropertyValueSpecification","valueRequired":true,"valueName":"search_term_string"}}],"inLanguage":"ca"},{"@type":"Organization","@id":"https:\/\/daychartermallorca.es\/es\/#organization","name":"daychartermallorca.es","url":"https:\/\/daychartermallorca.es\/es\/","logo":{"@type":"ImageObject","inLanguage":"ca","@id":"https:\/\/daychartermallorca.es\/es\/#\/schema\/logo\/image\/","url":"","contentUrl":"","caption":"daychartermallorca.es"},"image":{"@id":"https:\/\/daychartermallorca.es\/es\/#\/schema\/logo\/image\/"},"sameAs":["http:\/\/facebook.com\/llautmaricel","https:\/\/www.instagram.com\/llautmaricel\/"]}]}},"builder_content":"<h2><strong>FAQ<\/strong><\/h2>\n<ul><li><h4>\u00bfTengo que pagar algo por adelantado?<\/h4><p>No hace falta pagar nada por adelantado. El pago al completo se realiza el d\u00eda de la excursi\u00f3n.<\/p><\/li><li><h4>\u00bfC\u00f3mo efectuar el pago de la excursi\u00f3n?<\/h4><p>Puedes pagar por transferencia bancaria antes de la excursi\u00f3n o el mismo d\u00eda en efectivo o tarjeta en el barco.<\/p><\/li><li><h4>\u00bfY si quiero cancelar la excursi\u00f3n?<\/h4><p>Al no haber pago anticipado, no os vamos a cobrar nada por cancelar la excursi\u00f3n. Solo os pedimos que en caso de no poder venir, nos avis\u00e9is con al menos 48 horas de antelaci\u00f3n.<\/p><\/li><li><h4>\u00bfQu\u00e9 debo llevar al barco?<\/h4><p>Solamente necesitas traer ba\u00f1ador, toalla y protecci\u00f3n solar.<\/p><\/li><li><h4>\u00bfQu\u00e9 pasa si hace mal tiempo?<\/h4><p>Si hace mal tiempo y no se puede navegar, posponemos la excursi\u00f3n para otro d\u00eda que os vaya bien (sujeto a disponibilidad).<\/p><\/li><li><h4>\u00bfC\u00f3mo puedo llegar al puerto de Can Pastilla?<\/h4><p>El puerto de Can Pastilla est\u00e1 a escasos minutos del aeropuerto y est\u00e1 muy bien comunicado. Hay autob\u00fas de l\u00ednea desde Palma y desde El Arenal. Tambi\u00e9n podemos venir a buscaros a cualquier punto de la isla en furgoneta de 9 plazas o minib\u00fas (consultar precios).<\/p><\/li><\/ul>","_links":{"self":[{"href":"https:\/\/daychartermallorca.es\/ca\/wp-json\/wp\/v2\/pages\/617","targetHints":{"allow":["GET"]}}],"collection":[{"href":"https:\/\/daychartermallorca.es\/ca\/wp-json\/wp\/v2\/pages"}],"about":[{"href":"https:\/\/daychartermallorca.es\/ca\/wp-json\/wp\/v2\/types\/page"}],"author":[{"embeddable":true,"href":"https:\/\/daychartermallorca.es\/ca\/wp-json\/wp\/v2\/users\/1"}],"replies":[{"embeddable":true,"href":"https:\/\/daychartermallorca.es\/ca\/wp-json\/wp\/v2\/comments?post=617"}],"version-history":[{"count":23,"href":"https:\/\/daychartermallorca.es\/ca\/wp-json\/wp\/v2\/pages\/617\/revisions"}],"predecessor-version":[{"id":1219,"href":"https:\/\/daychartermallorca.es\/ca\/wp-json\/wp\/v2\/pages\/617\/revisions\/1219"}],"wp:attachment":[{"href":"https:\/\/daychartermallorca.es\/ca\/wp-json\/wp\/v2\/media?parent=617"}],"curies":[{"name":"wp","href":"https:\/\/api.w.org\/{rel}","templated":true}]}}